{"id":92,"date":"2022-09-06T16:37:18","date_gmt":"2022-09-06T16:37:18","guid":{"rendered":"http:\/\/netgo.la\/?page_id=92"},"modified":"2022-09-09T17:45:11","modified_gmt":"2022-09-09T17:45:11","slug":"communications","status":"publish","type":"page","link":"http:\/\/netgo.la\/es\/communications\/","title":{"rendered":"Comunicaciones"},"content":{"rendered":"<div data-elementor-type=\"wp-page\" data-elementor-id=\"92\" class=\"elementor elementor-92\">\n\t\t\t\t\t\t<section class=\"wpr-jarallax elementor-section elementor-top-section elementor-element elementor-element-5ca3440 wpr-jarallax-yes elementor-section-boxed elementor-section-height-default elementor-section-height-default wpr-particle-no wpr-parallax-no wpr-sticky-section-no\" speed-data=\"1.4\" bg-image=\"http:\/\/netgo.la\/wp-content\/uploads\/2022\/09\/netgo_banner-communications.jpg\" scroll-effect=\"scroll\" data-id=\"5ca3440\" data-element_type=\"section\" data-settings=\"{&quot;background_background&quot;:&quot;classic&quot;}\">\n\t\t\t\t\t\t\t<div class=\"elementor-background-overlay\"><\/div>\n\t\t\t\t\t\t\t<div class=\"elementor-container elementor-column-gap-default\">\n\t\t\t\t\t<div class=\"elementor-column elementor-col-100 elementor-top-column elementor-element elementor-element-21fe729 elementor-invisible\" data-id=\"21fe729\" data-element_type=\"column\" data-settings=\"{&quot;animation&quot;:&quot;fadeInLeft&quot;}\">\n\t\t\t<div class=\"elementor-widget-wrap elementor-element-populated\">\n\t\t\t\t\t\t<div class=\"elementor-element elementor-element-7b692a8 elementor-widget elementor-widget-spacer\" data-id=\"7b692a8\" data-element_type=\"widget\" data-widget_type=\"spacer.default\">\n\t\t\t\t<div class=\"elementor-widget-container\">\n\t\t\t\t\t<div class=\"elementor-spacer\">\n\t\t\t<div class=\"elementor-spacer-inner\"><\/div>\n\t\t<\/div>\n\t\t\t\t<\/div>\n\t\t\t\t<\/div>\n\t\t\t\t<div class=\"elementor-element elementor-element-0285364 elementor-widget elementor-widget-heading\" data-id=\"0285364\" data-element_type=\"widget\" data-widget_type=\"heading.default\">\n\t\t\t\t<div class=\"elementor-widget-container\">\n\t\t\t<h2 class=\"elementor-heading-title elementor-size-default\">Comunicaciones<\/h2>\t\t<\/div>\n\t\t\t\t<\/div>\n\t\t\t\t<div class=\"elementor-element elementor-element-f6275b2 elementor-widget elementor-widget-heading\" data-id=\"f6275b2\" data-element_type=\"widget\" data-widget_type=\"heading.default\">\n\t\t\t\t<div class=\"elementor-widget-container\">\n\t\t\t<h6 class=\"elementor-heading-title elementor-size-default\">Internet, FO, Transport, CDN &amp; DWDM<\/h6>\t\t<\/div>\n\t\t\t\t<\/div>\n\t\t\t\t<div class=\"elementor-element elementor-element-8fd2db8 elementor-widget elementor-widget-spacer\" data-id=\"8fd2db8\" data-element_type=\"widget\" data-widget_type=\"spacer.default\">\n\t\t\t\t<div class=\"elementor-widget-container\">\n\t\t\t\t\t<div class=\"elementor-spacer\">\n\t\t\t<div class=\"elementor-spacer-inner\"><\/div>\n\t\t<\/div>\n\t\t\t\t<\/div>\n\t\t\t\t<\/div>\n\t\t\t\t\t<\/div>\n\t\t<\/div>\n\t\t\t\t\t<\/div>\n\t\t<\/section>\n\t\t\t\t<section class=\"elementor-section elementor-top-section elementor-element elementor-element-b6a4627 elementor-section-boxed elementor-section-height-default elementor-section-height-default wpr-particle-no wpr-jarallax-no wpr-parallax-no wpr-sticky-section-no\" data-id=\"b6a4627\" data-element_type=\"section\">\n\t\t\t\t\t\t<div class=\"elementor-container elementor-column-gap-default\">\n\t\t\t\t\t<div class=\"elementor-column elementor-col-50 elementor-top-column elementor-element elementor-element-ef211af elementor-invisible\" data-id=\"ef211af\" data-element_type=\"column\" data-settings=\"{&quot;animation&quot;:&quot;fadeInLeft&quot;}\">\n\t\t\t<div class=\"elementor-widget-wrap elementor-element-populated\">\n\t\t\t\t\t\t<div class=\"elementor-element elementor-element-6679958 elementor-widget elementor-widget-text-editor\" data-id=\"6679958\" data-element_type=\"widget\" data-widget_type=\"text-editor.default\">\n\t\t\t\t<div class=\"elementor-widget-container\">\n\t\t\t\t\t\t\t<p>Recibir\u00e1 una conectividad segura desde y hacia cualquier parte del mundo, garantizando la disponibilidad y la baja latencia.<br \/>Especialmente dise\u00f1ada para ofrecer una conexi\u00f3n a internet de alta calidad, para el segmento corporativo. Es una conexi\u00f3n dedicada, permanente y sim\u00e9trica, con excelente disponibilidad. El servicio dedicado es prove\u00eddo a modo FTTO (fibra a la oficina) usando tecnolog\u00eda avanzada en redes de acceso por fibra \u00f3ptica, como ethernet activo.<\/p>\t\t\t\t\t\t<\/div>\n\t\t\t\t<\/div>\n\t\t\t\t\t<\/div>\n\t\t<\/div>\n\t\t\t\t<div class=\"elementor-column elementor-col-50 elementor-top-column elementor-element elementor-element-31aa3db elementor-invisible\" data-id=\"31aa3db\" data-element_type=\"column\" data-settings=\"{&quot;animation&quot;:&quot;fadeInRight&quot;}\">\n\t\t\t<div class=\"elementor-widget-wrap elementor-element-populated\">\n\t\t\t\t\t\t<div class=\"elementor-element elementor-element-ff7b6ab elementor-widget elementor-widget-image\" data-id=\"ff7b6ab\" data-element_type=\"widget\" data-widget_type=\"image.default\">\n\t\t\t\t<div class=\"elementor-widget-container\">\n\t\t\t\t\t\t\t\t\t\t\t\t\t<img fetchpriority=\"high\" decoding=\"async\" width=\"600\" height=\"400\" src=\"http:\/\/netgo.la\/wp-content\/uploads\/2022\/09\/netgo-mapping.jpg\" class=\"elementor-animation-float attachment-full size-full wp-image-95\" alt=\"\" srcset=\"http:\/\/netgo.la\/wp-content\/uploads\/2022\/09\/netgo-mapping.jpg 600w, http:\/\/netgo.la\/wp-content\/uploads\/2022\/09\/netgo-mapping-300x200.jpg 300w\" sizes=\"(max-width: 600px) 100vw, 600px\" \/>\t\t\t\t\t\t\t\t\t\t\t\t\t<\/div>\n\t\t\t\t<\/div>\n\t\t\t\t\t<\/div>\n\t\t<\/div>\n\t\t\t\t\t<\/div>\n\t\t<\/section>\n\t\t\t\t<section class=\"elementor-section elementor-top-section elementor-element elementor-element-dbbf5c0 elementor-section-boxed elementor-section-height-default elementor-section-height-default wpr-particle-no wpr-jarallax-no wpr-parallax-no wpr-sticky-section-no elementor-invisible\" data-id=\"dbbf5c0\" data-element_type=\"section\" data-settings=\"{&quot;animation&quot;:&quot;fadeIn&quot;}\">\n\t\t\t\t\t\t<div class=\"elementor-container elementor-column-gap-default\">\n\t\t\t\t\t<div class=\"elementor-column elementor-col-100 elementor-top-column elementor-element elementor-element-763ba96\" data-id=\"763ba96\" data-element_type=\"column\">\n\t\t\t<div class=\"elementor-widget-wrap elementor-element-populated\">\n\t\t\t\t\t\t<div class=\"elementor-element elementor-element-178f5af elementor-widget elementor-widget-heading\" data-id=\"178f5af\" data-element_type=\"widget\" data-widget_type=\"heading.default\">\n\t\t\t\t<div class=\"elementor-widget-container\">\n\t\t\t<h2 class=\"elementor-heading-title elementor-size-default\">Nuestros servicios<\/h2>\t\t<\/div>\n\t\t\t\t<\/div>\n\t\t\t\t\t<\/div>\n\t\t<\/div>\n\t\t\t\t\t<\/div>\n\t\t<\/section>\n\t\t\t\t<section class=\"elementor-section elementor-top-section elementor-element elementor-element-7adf7f4 elementor-section-boxed elementor-section-height-default elementor-section-height-default wpr-particle-no wpr-jarallax-no wpr-parallax-no wpr-sticky-section-no elementor-invisible\" data-id=\"7adf7f4\" data-element_type=\"section\" data-settings=\"{&quot;animation&quot;:&quot;fadeInUp&quot;}\">\n\t\t\t\t\t\t<div class=\"elementor-container elementor-column-gap-default\">\n\t\t\t\t\t<div class=\"elementor-column elementor-col-25 elementor-top-column elementor-element elementor-element-3741b8d\" data-id=\"3741b8d\" data-element_type=\"column\">\n\t\t\t<div class=\"elementor-widget-wrap elementor-element-populated\">\n\t\t\t\t\t\t<div class=\"elementor-element elementor-element-717cf57 elementor-widget elementor-widget-image\" data-id=\"717cf57\" data-element_type=\"widget\" data-widget_type=\"image.default\">\n\t\t\t\t<div class=\"elementor-widget-container\">\n\t\t\t\t\t\t\t\t\t\t\t\t\t\t<a href=\"http:\/\/netgo.la\/es\/communications\/\">\n\t\t\t\t\t\t\t<img decoding=\"async\" width=\"351\" height=\"351\" src=\"http:\/\/netgo.la\/wp-content\/uploads\/2022\/09\/netgo_icon-Comunications.png\" class=\"elementor-animation-grow attachment-full size-full wp-image-30\" alt=\"\" srcset=\"http:\/\/netgo.la\/wp-content\/uploads\/2022\/09\/netgo_icon-Comunications.png 351w, http:\/\/netgo.la\/wp-content\/uploads\/2022\/09\/netgo_icon-Comunications-300x300.png 300w, http:\/\/netgo.la\/wp-content\/uploads\/2022\/09\/netgo_icon-Comunications-150x150.png 150w\" sizes=\"(max-width: 351px) 100vw, 351px\" \/>\t\t\t\t\t\t\t\t<\/a>\n\t\t\t\t\t\t\t\t\t\t\t\t\t<\/div>\n\t\t\t\t<\/div>\n\t\t\t\t<div class=\"elementor-element elementor-element-aa67989 elementor-widget elementor-widget-heading\" data-id=\"aa67989\" data-element_type=\"widget\" data-widget_type=\"heading.default\">\n\t\t\t\t<div class=\"elementor-widget-container\">\n\t\t\t<h5 class=\"elementor-heading-title elementor-size-default\">Comunicaciones<\/h5>\t\t<\/div>\n\t\t\t\t<\/div>\n\t\t\t\t\t<\/div>\n\t\t<\/div>\n\t\t\t\t<div class=\"elementor-column elementor-col-25 elementor-top-column elementor-element elementor-element-fb9067b\" data-id=\"fb9067b\" data-element_type=\"column\">\n\t\t\t<div class=\"elementor-widget-wrap elementor-element-populated\">\n\t\t\t\t\t\t<div class=\"elementor-element elementor-element-02247e4 elementor-widget elementor-widget-image\" data-id=\"02247e4\" data-element_type=\"widget\" data-widget_type=\"image.default\">\n\t\t\t\t<div class=\"elementor-widget-container\">\n\t\t\t\t\t\t\t\t\t\t\t\t\t\t<a href=\"http:\/\/netgo.la\/es\/infraestructure\/\">\n\t\t\t\t\t\t\t<img decoding=\"async\" width=\"351\" height=\"351\" src=\"http:\/\/netgo.la\/wp-content\/uploads\/2022\/09\/netgo_icon-infraestructure.png\" class=\"elementor-animation-grow attachment-full size-full wp-image-32\" alt=\"\" srcset=\"http:\/\/netgo.la\/wp-content\/uploads\/2022\/09\/netgo_icon-infraestructure.png 351w, http:\/\/netgo.la\/wp-content\/uploads\/2022\/09\/netgo_icon-infraestructure-300x300.png 300w, http:\/\/netgo.la\/wp-content\/uploads\/2022\/09\/netgo_icon-infraestructure-150x150.png 150w\" sizes=\"(max-width: 351px) 100vw, 351px\" \/>\t\t\t\t\t\t\t\t<\/a>\n\t\t\t\t\t\t\t\t\t\t\t\t\t<\/div>\n\t\t\t\t<\/div>\n\t\t\t\t<div class=\"elementor-element elementor-element-26939f8 elementor-widget elementor-widget-heading\" data-id=\"26939f8\" data-element_type=\"widget\" data-widget_type=\"heading.default\">\n\t\t\t\t<div class=\"elementor-widget-container\">\n\t\t\t<h5 class=\"elementor-heading-title elementor-size-default\">Infraestructura<\/h5>\t\t<\/div>\n\t\t\t\t<\/div>\n\t\t\t\t\t<\/div>\n\t\t<\/div>\n\t\t\t\t<div class=\"elementor-column elementor-col-25 elementor-top-column elementor-element elementor-element-3af1761\" data-id=\"3af1761\" data-element_type=\"column\">\n\t\t\t<div class=\"elementor-widget-wrap elementor-element-populated\">\n\t\t\t\t\t\t<div class=\"elementor-element elementor-element-dc11713 elementor-widget elementor-widget-image\" data-id=\"dc11713\" data-element_type=\"widget\" data-widget_type=\"image.default\">\n\t\t\t\t<div class=\"elementor-widget-container\">\n\t\t\t\t\t\t\t\t\t\t\t\t\t\t<a href=\"http:\/\/netgo.la\/es\/cloudconnect\/\">\n\t\t\t\t\t\t\t<img loading=\"lazy\" decoding=\"async\" width=\"351\" height=\"351\" src=\"http:\/\/netgo.la\/wp-content\/uploads\/2022\/09\/netgo_icon-cloud-connect.png\" class=\"elementor-animation-grow attachment-full size-full wp-image-29\" alt=\"\" srcset=\"http:\/\/netgo.la\/wp-content\/uploads\/2022\/09\/netgo_icon-cloud-connect.png 351w, http:\/\/netgo.la\/wp-content\/uploads\/2022\/09\/netgo_icon-cloud-connect-300x300.png 300w, http:\/\/netgo.la\/wp-content\/uploads\/2022\/09\/netgo_icon-cloud-connect-150x150.png 150w\" sizes=\"(max-width: 351px) 100vw, 351px\" \/>\t\t\t\t\t\t\t\t<\/a>\n\t\t\t\t\t\t\t\t\t\t\t\t\t<\/div>\n\t\t\t\t<\/div>\n\t\t\t\t<div class=\"elementor-element elementor-element-925f9f8 elementor-widget elementor-widget-heading\" data-id=\"925f9f8\" data-element_type=\"widget\" data-widget_type=\"heading.default\">\n\t\t\t\t<div class=\"elementor-widget-container\">\n\t\t\t<h5 class=\"elementor-heading-title elementor-size-default\">Cloud Connect<\/h5>\t\t<\/div>\n\t\t\t\t<\/div>\n\t\t\t\t\t<\/div>\n\t\t<\/div>\n\t\t\t\t<div class=\"elementor-column elementor-col-25 elementor-top-column elementor-element elementor-element-30df203\" data-id=\"30df203\" data-element_type=\"column\">\n\t\t\t<div class=\"elementor-widget-wrap elementor-element-populated\">\n\t\t\t\t\t\t<div class=\"elementor-element elementor-element-5b61397 elementor-widget elementor-widget-image\" data-id=\"5b61397\" data-element_type=\"widget\" data-widget_type=\"image.default\">\n\t\t\t\t<div class=\"elementor-widget-container\">\n\t\t\t\t\t\t\t\t\t\t\t\t\t\t<a href=\"http:\/\/netgo.la\/es\/datacenter\/\">\n\t\t\t\t\t\t\t<img loading=\"lazy\" decoding=\"async\" width=\"351\" height=\"351\" src=\"http:\/\/netgo.la\/wp-content\/uploads\/2022\/09\/netgo_icon-datacenter.png\" class=\"elementor-animation-grow attachment-full size-full wp-image-31\" alt=\"\" srcset=\"http:\/\/netgo.la\/wp-content\/uploads\/2022\/09\/netgo_icon-datacenter.png 351w, http:\/\/netgo.la\/wp-content\/uploads\/2022\/09\/netgo_icon-datacenter-300x300.png 300w, http:\/\/netgo.la\/wp-content\/uploads\/2022\/09\/netgo_icon-datacenter-150x150.png 150w\" sizes=\"(max-width: 351px) 100vw, 351px\" \/>\t\t\t\t\t\t\t\t<\/a>\n\t\t\t\t\t\t\t\t\t\t\t\t\t<\/div>\n\t\t\t\t<\/div>\n\t\t\t\t<div class=\"elementor-element elementor-element-4697d39 elementor-widget elementor-widget-heading\" data-id=\"4697d39\" data-element_type=\"widget\" data-widget_type=\"heading.default\">\n\t\t\t\t<div class=\"elementor-widget-container\">\n\t\t\t<h5 class=\"elementor-heading-title elementor-size-default\">Centro de datos<\/h5>\t\t<\/div>\n\t\t\t\t<\/div>\n\t\t\t\t\t<\/div>\n\t\t<\/div>\n\t\t\t\t\t<\/div>\n\t\t<\/section>\n\t\t\t\t<section class=\"elementor-section elementor-top-section elementor-element elementor-element-c4eab1b elementor-section-boxed elementor-section-height-default elementor-section-height-default wpr-particle-no wpr-jarallax-no wpr-parallax-no wpr-sticky-section-no elementor-invisible\" data-id=\"c4eab1b\" data-element_type=\"section\" data-settings=\"{&quot;animation&quot;:&quot;fadeInUp&quot;}\">\n\t\t\t\t\t\t<div class=\"elementor-container elementor-column-gap-default\">\n\t\t\t\t\t<div class=\"elementor-column elementor-col-25 elementor-top-column elementor-element elementor-element-85e6b56\" data-id=\"85e6b56\" data-element_type=\"column\">\n\t\t\t<div class=\"elementor-widget-wrap elementor-element-populated\">\n\t\t\t\t\t\t<div class=\"elementor-element elementor-element-df2f97d elementor-widget elementor-widget-image\" data-id=\"df2f97d\" data-element_type=\"widget\" data-widget_type=\"image.default\">\n\t\t\t\t<div class=\"elementor-widget-container\">\n\t\t\t\t\t\t\t\t\t\t\t\t\t\t<a href=\"http:\/\/netgo.la\/es\/itsolutions\/\">\n\t\t\t\t\t\t\t<img loading=\"lazy\" decoding=\"async\" width=\"351\" height=\"351\" src=\"http:\/\/netgo.la\/wp-content\/uploads\/2022\/09\/netgo_icon-IT-solutions.png\" class=\"elementor-animation-grow attachment-full size-full wp-image-33\" alt=\"\" srcset=\"http:\/\/netgo.la\/wp-content\/uploads\/2022\/09\/netgo_icon-IT-solutions.png 351w, http:\/\/netgo.la\/wp-content\/uploads\/2022\/09\/netgo_icon-IT-solutions-300x300.png 300w, http:\/\/netgo.la\/wp-content\/uploads\/2022\/09\/netgo_icon-IT-solutions-150x150.png 150w\" sizes=\"(max-width: 351px) 100vw, 351px\" \/>\t\t\t\t\t\t\t\t<\/a>\n\t\t\t\t\t\t\t\t\t\t\t\t\t<\/div>\n\t\t\t\t<\/div>\n\t\t\t\t<div class=\"elementor-element elementor-element-a49a44c elementor-widget elementor-widget-heading\" data-id=\"a49a44c\" data-element_type=\"widget\" data-widget_type=\"heading.default\">\n\t\t\t\t<div class=\"elementor-widget-container\">\n\t\t\t<h5 class=\"elementor-heading-title elementor-size-default\">Soluciones de TI<\/h5>\t\t<\/div>\n\t\t\t\t<\/div>\n\t\t\t\t\t<\/div>\n\t\t<\/div>\n\t\t\t\t<div class=\"elementor-column elementor-col-25 elementor-top-column elementor-element elementor-element-939bdf4\" data-id=\"939bdf4\" data-element_type=\"column\">\n\t\t\t<div class=\"elementor-widget-wrap elementor-element-populated\">\n\t\t\t\t\t\t<div class=\"elementor-element elementor-element-4830c5f elementor-widget elementor-widget-image\" data-id=\"4830c5f\" data-element_type=\"widget\" data-widget_type=\"image.default\">\n\t\t\t\t<div class=\"elementor-widget-container\">\n\t\t\t\t\t\t\t\t\t\t\t\t\t\t<a href=\"http:\/\/netgo.la\/es\/4-0solutions\/\">\n\t\t\t\t\t\t\t<img loading=\"lazy\" decoding=\"async\" width=\"351\" height=\"351\" src=\"http:\/\/netgo.la\/wp-content\/uploads\/2022\/09\/netgo_icon-4.0-solutions.png\" class=\"elementor-animation-grow attachment-full size-full wp-image-28\" alt=\"\" srcset=\"http:\/\/netgo.la\/wp-content\/uploads\/2022\/09\/netgo_icon-4.0-solutions.png 351w, http:\/\/netgo.la\/wp-content\/uploads\/2022\/09\/netgo_icon-4.0-solutions-300x300.png 300w, http:\/\/netgo.la\/wp-content\/uploads\/2022\/09\/netgo_icon-4.0-solutions-150x150.png 150w\" sizes=\"(max-width: 351px) 100vw, 351px\" \/>\t\t\t\t\t\t\t\t<\/a>\n\t\t\t\t\t\t\t\t\t\t\t\t\t<\/div>\n\t\t\t\t<\/div>\n\t\t\t\t<div class=\"elementor-element elementor-element-dc3d63c elementor-widget elementor-widget-heading\" data-id=\"dc3d63c\" data-element_type=\"widget\" data-widget_type=\"heading.default\">\n\t\t\t\t<div class=\"elementor-widget-container\">\n\t\t\t<h5 class=\"elementor-heading-title elementor-size-default\">Soluciones 4.0<\/h5>\t\t<\/div>\n\t\t\t\t<\/div>\n\t\t\t\t\t<\/div>\n\t\t<\/div>\n\t\t\t\t<div class=\"elementor-column elementor-col-25 elementor-top-column elementor-element elementor-element-937d11b\" data-id=\"937d11b\" data-element_type=\"column\">\n\t\t\t<div class=\"elementor-widget-wrap elementor-element-populated\">\n\t\t\t\t\t\t<div class=\"elementor-element elementor-element-9f95388 elementor-widget elementor-widget-image\" data-id=\"9f95388\" data-element_type=\"widget\" data-widget_type=\"image.default\">\n\t\t\t\t<div class=\"elementor-widget-container\">\n\t\t\t\t\t\t\t\t\t\t\t\t\t\t<a href=\"http:\/\/netgo.la\/es\/web3\/\">\n\t\t\t\t\t\t\t<img loading=\"lazy\" decoding=\"async\" width=\"351\" height=\"351\" src=\"http:\/\/netgo.la\/wp-content\/uploads\/2022\/09\/netgo_icon-web-3.png\" class=\"elementor-animation-grow attachment-full size-full wp-image-35\" alt=\"\" srcset=\"http:\/\/netgo.la\/wp-content\/uploads\/2022\/09\/netgo_icon-web-3.png 351w, http:\/\/netgo.la\/wp-content\/uploads\/2022\/09\/netgo_icon-web-3-300x300.png 300w, http:\/\/netgo.la\/wp-content\/uploads\/2022\/09\/netgo_icon-web-3-150x150.png 150w\" sizes=\"(max-width: 351px) 100vw, 351px\" \/>\t\t\t\t\t\t\t\t<\/a>\n\t\t\t\t\t\t\t\t\t\t\t\t\t<\/div>\n\t\t\t\t<\/div>\n\t\t\t\t<div class=\"elementor-element elementor-element-e8d15d3 elementor-widget elementor-widget-heading\" data-id=\"e8d15d3\" data-element_type=\"widget\" data-widget_type=\"heading.default\">\n\t\t\t\t<div class=\"elementor-widget-container\">\n\t\t\t<h5 class=\"elementor-heading-title elementor-size-default\">Soluciones Web 3<\/h5>\t\t<\/div>\n\t\t\t\t<\/div>\n\t\t\t\t\t<\/div>\n\t\t<\/div>\n\t\t\t\t<div class=\"elementor-column elementor-col-25 elementor-top-column elementor-element elementor-element-1261c6d\" data-id=\"1261c6d\" data-element_type=\"column\">\n\t\t\t<div class=\"elementor-widget-wrap elementor-element-populated\">\n\t\t\t\t\t\t<div class=\"elementor-element elementor-element-c8376bd elementor-widget elementor-widget-image\" data-id=\"c8376bd\" data-element_type=\"widget\" data-widget_type=\"image.default\">\n\t\t\t\t<div class=\"elementor-widget-container\">\n\t\t\t\t\t\t\t\t\t\t\t\t\t\t<a href=\"http:\/\/netgo.la\/es\/smartcities\/\">\n\t\t\t\t\t\t\t<img loading=\"lazy\" decoding=\"async\" width=\"351\" height=\"351\" src=\"http:\/\/netgo.la\/wp-content\/uploads\/2022\/09\/netgo_icon-smartcities.png\" class=\"elementor-animation-grow attachment-full size-full wp-image-34\" alt=\"\" srcset=\"http:\/\/netgo.la\/wp-content\/uploads\/2022\/09\/netgo_icon-smartcities.png 351w, http:\/\/netgo.la\/wp-content\/uploads\/2022\/09\/netgo_icon-smartcities-300x300.png 300w, http:\/\/netgo.la\/wp-content\/uploads\/2022\/09\/netgo_icon-smartcities-150x150.png 150w\" sizes=\"(max-width: 351px) 100vw, 351px\" \/>\t\t\t\t\t\t\t\t<\/a>\n\t\t\t\t\t\t\t\t\t\t\t\t\t<\/div>\n\t\t\t\t<\/div>\n\t\t\t\t<div class=\"elementor-element elementor-element-c890ab1 elementor-widget elementor-widget-heading\" data-id=\"c890ab1\" data-element_type=\"widget\" data-widget_type=\"heading.default\">\n\t\t\t\t<div class=\"elementor-widget-container\">\n\t\t\t<h5 class=\"elementor-heading-title elementor-size-default\">Smartcities<\/h5>\t\t<\/div>\n\t\t\t\t<\/div>\n\t\t\t\t\t<\/div>\n\t\t<\/div>\n\t\t\t\t\t<\/div>\n\t\t<\/section>\n\t\t\t\t<section class=\"elementor-section elementor-top-section elementor-element elementor-element-7296249 elementor-section-boxed elementor-section-height-default elementor-section-height-default wpr-particle-no wpr-jarallax-no wpr-parallax-no wpr-sticky-section-no elementor-invisible\" data-id=\"7296249\" data-element_type=\"section\" data-settings=\"{&quot;animation&quot;:&quot;fadeIn&quot;}\">\n\t\t\t\t\t\t<div class=\"elementor-container elementor-column-gap-default\">\n\t\t\t\t\t<div class=\"elementor-column elementor-col-100 elementor-top-column elementor-element elementor-element-413611d\" data-id=\"413611d\" data-element_type=\"column\">\n\t\t\t<div class=\"elementor-widget-wrap elementor-element-populated\">\n\t\t\t\t\t\t<div class=\"elementor-element elementor-element-5d99007 elementor-icon-list--layout-inline elementor-align-center elementor-list-item-link-full_width elementor-widget elementor-widget-icon-list\" data-id=\"5d99007\" data-element_type=\"widget\" data-widget_type=\"icon-list.default\">\n\t\t\t\t<div class=\"elementor-widget-container\">\n\t\t\t\t\t<ul class=\"elementor-icon-list-items elementor-inline-items\">\n\t\t\t\t\t\t\t<li class=\"elementor-icon-list-item elementor-inline-item\">\n\t\t\t\t\t\t\t\t\t\t\t<span class=\"elementor-icon-list-icon\">\n\t\t\t\t\t\t\t<i aria-hidden=\"true\" class=\"fab fa-telegram-plane\"><\/i>\t\t\t\t\t\t<\/span>\n\t\t\t\t\t\t\t\t\t\t<span class=\"elementor-icon-list-text\">P\u00f3ngase en contacto<\/span>\n\t\t\t\t\t\t\t\t\t<\/li>\n\t\t\t\t\t\t<\/ul>\n\t\t\t\t<\/div>\n\t\t\t\t<\/div>\n\t\t\t\t\t<\/div>\n\t\t<\/div>\n\t\t\t\t\t<\/div>\n\t\t<\/section>\n\t\t\t\t<\/div>","protected":false},"excerpt":{"rendered":"<p>COMMUNICATIONS Internet, FO, Transport, CDN &#038; DWDM You will receive secure connectivity to and from anywhere in the world, ensuring&#8230;<\/p>","protected":false},"author":1,"featured_media":0,"parent":0,"menu_order":0,"comment_status":"closed","ping_status":"closed","template":"","meta":{"footnotes":""},"class_list":["post-92","page","type-page","status-publish","hentry"],"_links":{"self":[{"href":"http:\/\/netgo.la\/es\/wp-json\/wp\/v2\/pages\/92","targetHints":{"allow":["GET"]}}],"collection":[{"href":"http:\/\/netgo.la\/es\/wp-json\/wp\/v2\/pages"}],"about":[{"href":"http:\/\/netgo.la\/es\/wp-json\/wp\/v2\/types\/page"}],"author":[{"embeddable":true,"href":"http:\/\/netgo.la\/es\/wp-json\/wp\/v2\/users\/1"}],"replies":[{"embeddable":true,"href":"http:\/\/netgo.la\/es\/wp-json\/wp\/v2\/comments?post=92"}],"version-history":[{"count":31,"href":"http:\/\/netgo.la\/es\/wp-json\/wp\/v2\/pages\/92\/revisions"}],"predecessor-version":[{"id":279,"href":"http:\/\/netgo.la\/es\/wp-json\/wp\/v2\/pages\/92\/revisions\/279"}],"wp:attachment":[{"href":"http:\/\/netgo.la\/es\/wp-json\/wp\/v2\/media?parent=92"}],"curies":[{"name":"wp","href":"https:\/\/api.w.org\/{rel}","templated":true}]}}